{"id":67,"date":"2014-11-17T18:56:07","date_gmt":"2014-11-17T17:56:07","guid":{"rendered":"https:\/\/www.magicjinn.cz\/?page_id=67"},"modified":"2024-06-26T16:01:04","modified_gmt":"2024-06-26T14:01:04","slug":"prodejci","status":"publish","type":"page","link":"https:\/\/www.magicjinn.cz\/?page_id=67","title":{"rendered":"Prodejci"},"content":{"rendered":"<p>&nbsp;<\/p>\n<div style=\"float: left; width: 46%;\">\n<p><a href=\"http:\/\/www.pompo.cz\"><img loading=\"lazy\" decoding=\"async\" class=\"aligncenter wp-image-83\" src=\"http:\/\/www.magicjinn.cz\/wp-content\/uploads\/2014\/11\/pompo_logo-300x166.jpg\" alt=\"Logo POMPO\" width=\"200\" height=\"111\" srcset=\"https:\/\/www.magicjinn.cz\/wp-content\/uploads\/2014\/11\/pompo_logo-300x166.jpg 300w, https:\/\/www.magicjinn.cz\/wp-content\/uploads\/2014\/11\/pompo_logo-1024x568.jpg 1024w, https:\/\/www.magicjinn.cz\/wp-content\/uploads\/2014\/11\/pompo_logo.jpg 1236w\" sizes=\"auto, (max-width: 200px) 100vw, 200px\" \/><\/a><\/p>\n<p style=\"text-align: center;\">Magic Jinna zakoup\u00edte v&nbsp;prodejn\u00e1ch Pompo a na <a href=\"http:\/\/www.pompo.cz\">www.pompo.cz<\/a><\/p>\n<\/div>\n<div style=\"float: right; width: 46%;\">\n<p><a href=\"http:\/\/www.mall.cz\"><img loading=\"lazy\" decoding=\"async\" class=\"aligncenter wp-image-86\" src=\"http:\/\/www.magicjinn.cz\/wp-content\/uploads\/2014\/11\/mall_logo-300x203.png\" alt=\"Mall logo\" width=\"167\" height=\"113\" srcset=\"https:\/\/www.magicjinn.cz\/wp-content\/uploads\/2014\/11\/mall_logo-300x203.png 300w, https:\/\/www.magicjinn.cz\/wp-content\/uploads\/2014\/11\/mall_logo.png 576w\" sizes=\"auto, (max-width: 167px) 100vw, 167px\" \/><\/a><\/p>\n<p style=\"text-align: center;\">Magic Jinna zakoup\u00edte<br \/>\nna <a href=\"http:\/\/www.mall.cz\">www.mall.cz<\/a><\/p>\n<\/div>\n<p><a href=\"http:\/\/www.megahracky.cz\"><img loading=\"lazy\" decoding=\"async\" class=\"aligncenter wp-image-87 size-medium\" src=\"http:\/\/www.magicjinn.cz\/wp-content\/uploads\/2014\/11\/megahracky_logo-300x56.png\" alt=\"MegaHra\u010dky Logo\" width=\"300\" height=\"56\" srcset=\"https:\/\/www.magicjinn.cz\/wp-content\/uploads\/2014\/11\/megahracky_logo-300x56.png 300w, https:\/\/www.magicjinn.cz\/wp-content\/uploads\/2014\/11\/megahracky_logo.png 529w\" sizes=\"auto, (max-width: 300px) 100vw, 300px\" \/><\/a><\/p>\n<p style=\"text-align: center;\">Magic Jinna zakoup\u00edte<br \/>\nna <a href=\"http:\/\/www.megahracky.cz\">www.megahracky.cz<\/a><\/p>\n","protected":false},"excerpt":{"rendered":"<p>&nbsp; Magic Jinna zakoup\u00edte v&nbsp;prodejn\u00e1ch Pompo a na www.pompo.cz Magic Jinna zakoup\u00edte na www.mall.cz Magic Jinna zakoup\u00edte na www.megahracky.cz<\/p>\n","protected":false},"author":2,"featured_media":0,"parent":0,"menu_order":0,"comment_status":"closed","ping_status":"closed","template":"page-full-width.php","meta":{"ngg_post_thumbnail":0,"footnotes":""},"class_list":["post-67","page","type-page","status-publish","hentry"],"_links":{"self":[{"href":"https:\/\/www.magicjinn.cz\/index.php?rest_route=\/wp\/v2\/pages\/67","targetHints":{"allow":["GET"]}}],"collection":[{"href":"https:\/\/www.magicjinn.cz\/index.php?rest_route=\/wp\/v2\/pages"}],"about":[{"href":"https:\/\/www.magicjinn.cz\/index.php?rest_route=\/wp\/v2\/types\/page"}],"author":[{"embeddable":true,"href":"https:\/\/www.magicjinn.cz\/index.php?rest_route=\/wp\/v2\/users\/2"}],"replies":[{"embeddable":true,"href":"https:\/\/www.magicjinn.cz\/index.php?rest_route=%2Fwp%2Fv2%2Fcomments&post=67"}],"version-history":[{"count":38,"href":"https:\/\/www.magicjinn.cz\/index.php?rest_route=\/wp\/v2\/pages\/67\/revisions"}],"predecessor-version":[{"id":272,"href":"https:\/\/www.magicjinn.cz\/index.php?rest_route=\/wp\/v2\/pages\/67\/revisions\/272"}],"wp:attachment":[{"href":"https:\/\/www.magicjinn.cz\/index.php?rest_route=%2Fwp%2Fv2%2Fmedia&parent=67"}],"curies":[{"name":"wp","href":"https:\/\/api.w.org\/{rel}","templated":true}]}}