{"id":39,"date":"2014-11-17T17:34:26","date_gmt":"2014-11-17T16:34:26","guid":{"rendered":"https:\/\/www.magicjinn.cz\/?page_id=39"},"modified":"2017-05-10T14:26:28","modified_gmt":"2017-05-10T12:26:28","slug":"o-magic-jinnovi","status":"publish","type":"page","link":"https:\/\/www.magicjinn.cz\/?page_id=39","title":{"rendered":"O Magic Jinnovi"},"content":{"rendered":"<p><img loading=\"lazy\" decoding=\"async\" class=\"aligncenter wp-image-140 size-full\" src=\"http:\/\/www.magicjinn.cz\/wp-content\/uploads\/2014\/11\/Magic-Jinn-s-logem3.png\" alt=\"Magic Jinn v modr\u00e9 i oran\u017eov\u00e9 barv\u011b \" width=\"700\" height=\"200\" \/><\/p>\n<p>&nbsp;<\/p>\n<h3 style=\"text-align: center;\"><span style=\"color: #ffff00;\">M<\/span><span style=\"color: #ffffff;\">AGIC JINN je tajupln\u00e1 postavi\u010dka, kter\u00e1 dok\u00e1\u017ee \u010d\u00edst tvoje my\u0161lenky!<\/span><\/h3>\n<p>&nbsp;<\/p>\n<h3 style=\"text-align: center;\"><strong>&#8222;Mysli si zv\u00ed\u0159e&#8230;&#8220;<\/strong><\/h3>\n<p>&nbsp;<\/p>\n<p><img loading=\"lazy\" decoding=\"async\" class=\"alignleft wp-image-50\" style=\"margin-right: 50px; margin-left: 50px;\" src=\"http:\/\/www.magicjinn.cz\/wp-content\/uploads\/2016\/10\/Magic-Jinn-zluty2.png\" alt=\"Magic Jinn\" width=\"145\" height=\"167\" \/><\/p>\n<p style=\"text-align: justify;\">\nMagic Jinn je tajemn\u00fd a neskute\u010dn\u011b chytr\u00fd. Sta\u010d\u00ed si myslet zv\u00ed\u0159e, a pak se t\u011b Jinn za\u010dne sv\u00fdm z\u00e1ludn\u00fdm a zv\u00eddav\u00fdm hl\u00e1skem vypt\u00e1vat na \u0159adu ot\u00e1zek. Bude se t\u011b pt\u00e1t tak dlouho, dokud si nebude jist\u00fd, \u017ee v\u00ed, jak\u00e9 zv\u00ed\u0159e si mysl\u00ed\u0161.<\/p>\n<p><img loading=\"lazy\" decoding=\"async\" class=\"alignright wp-image-153 size-full\" src=\"http:\/\/www.magicjinn.cz\/wp-content\/uploads\/2016\/10\/Magic-Jinn-modry2.png\" alt=\"Magic Jinn v modr\u00e9 barv\u011b\" width=\"159\" height=\"185\" \/><\/p>\n<p style=\"text-align: justify;\">Magic Jinn je skute\u010dn\u011b z\u00e1ludn\u00fd, a tak si z tebe ob\u010das r\u00e1d \u201evyst\u0159el\u00ed\u201c a polo\u017e\u00ed ti dal\u0161\u00ed ot\u00e1zky, p\u0159esto\u017ee u\u017e v\u00ed, jak\u00e9 zv\u00ed\u0159e si mysl\u00ed\u0161.<\/p>\n<h3 style=\"text-align: center;\"><span style=\"color: #ffff00;\">J<\/span><span style=\"color: #ffffff;\">inn uhodne p\u0159es 500 rozmanit\u00fdch zv\u00ed\u0159at,<br \/>\ntak\u017ee si s n\u00edm opravdu u\u017eijete spoustu z\u00e1bavy.<\/span><\/h3>\n<p><a href=\"http:\/\/www.magicjinn.cz\/wp-content\/uploads\/2014\/11\/magic_jinn_zabaleny.png\"><img loading=\"lazy\" decoding=\"async\" class=\"aligncenter wp-image-44 size-full\" src=\"http:\/\/www.magicjinn.cz\/wp-content\/uploads\/2014\/11\/magic_jinn_zabaleny.png\" alt=\"Magic Jinn zabalen\u00fd\" width=\"561\" height=\"378\" srcset=\"https:\/\/www.magicjinn.cz\/wp-content\/uploads\/2014\/11\/magic_jinn_zabaleny.png 561w, https:\/\/www.magicjinn.cz\/wp-content\/uploads\/2014\/11\/magic_jinn_zabaleny-300x202.png 300w\" sizes=\"auto, (max-width: 561px) 100vw, 561px\" \/><\/a><\/p>\n","protected":false},"excerpt":{"rendered":"<p>&nbsp; MAGIC JINN je tajupln\u00e1 postavi\u010dka, kter\u00e1 dok\u00e1\u017ee \u010d\u00edst tvoje my\u0161lenky! &nbsp; &#8222;Mysli si zv\u00ed\u0159e&#8230;&#8220; &nbsp; Magic Jinn je tajemn\u00fd a neskute\u010dn\u011b chytr\u00fd. Sta\u010d\u00ed si myslet zv\u00ed\u0159e, a pak se t\u011b Jinn za\u010dne sv\u00fdm z\u00e1ludn\u00fdm a zv\u00eddav\u00fdm hl\u00e1skem vypt\u00e1vat na \u0159adu ot\u00e1zek. Bude se t\u011b pt\u00e1t tak dlouho, dokud si nebude jist\u00fd, \u017ee v\u00ed, jak\u00e9 [&hellip;]<\/p>\n","protected":false},"author":2,"featured_media":0,"parent":0,"menu_order":0,"comment_status":"closed","ping_status":"closed","template":"page-full-width.php","meta":{"ngg_post_thumbnail":0,"footnotes":""},"class_list":["post-39","page","type-page","status-publish","hentry"],"_links":{"self":[{"href":"https:\/\/www.magicjinn.cz\/index.php?rest_route=\/wp\/v2\/pages\/39","targetHints":{"allow":["GET"]}}],"collection":[{"href":"https:\/\/www.magicjinn.cz\/index.php?rest_route=\/wp\/v2\/pages"}],"about":[{"href":"https:\/\/www.magicjinn.cz\/index.php?rest_route=\/wp\/v2\/types\/page"}],"author":[{"embeddable":true,"href":"https:\/\/www.magicjinn.cz\/index.php?rest_route=\/wp\/v2\/users\/2"}],"replies":[{"embeddable":true,"href":"https:\/\/www.magicjinn.cz\/index.php?rest_route=%2Fwp%2Fv2%2Fcomments&post=39"}],"version-history":[{"count":65,"href":"https:\/\/www.magicjinn.cz\/index.php?rest_route=\/wp\/v2\/pages\/39\/revisions"}],"predecessor-version":[{"id":266,"href":"https:\/\/www.magicjinn.cz\/index.php?rest_route=\/wp\/v2\/pages\/39\/revisions\/266"}],"wp:attachment":[{"href":"https:\/\/www.magicjinn.cz\/index.php?rest_route=%2Fwp%2Fv2%2Fmedia&parent=39"}],"curies":[{"name":"wp","href":"https:\/\/api.w.org\/{rel}","templated":true}]}}