{"id":33,"date":"2014-09-26T15:12:39","date_gmt":"2014-09-26T13:12:39","guid":{"rendered":"https:\/\/www.magicjinn.cz\/?page_id=33"},"modified":"2024-06-26T16:02:14","modified_gmt":"2024-06-26T14:02:14","slug":"napiste-nam","status":"publish","type":"page","link":"https:\/\/www.magicjinn.cz\/?page_id=33","title":{"rendered":"Napi\u0161te n\u00e1m"},"content":{"rendered":"<p>&nbsp;<\/p>\n<div style=\"float: left; width: 46%;\">\n<p><img loading=\"lazy\" decoding=\"async\" class=\"aligncenter wp-image-113\" src=\"http:\/\/www.magicjinn.cz\/wp-content\/uploads\/2014\/09\/Magic-Jinn-zluty3.png\" alt=\"Magic Jinn zluty\" width=\"225\" height=\"275\" \/><\/p>\n<h3 class=\"company-title\">MAC TOYS s.r.o.<\/h3>\n<p>Lidick\u00e1 481<br \/>\n27351 Unho\u0161\u0165<\/p>\n<p><strong>Email :<\/strong> <a href=\"mailto:marketing@mactoys.cz\">marketing@mactoys.cz<\/a><\/p>\n<\/div>\n<div style=\"float: right; width: 46%;\">\n\n<div class=\"wpcf7 no-js\" id=\"wpcf7-f32-o1\" lang=\"cs-CZ\" dir=\"ltr\" data-wpcf7-id=\"32\">\n<div class=\"screen-reader-response\"><p role=\"status\" aria-live=\"polite\" aria-atomic=\"true\"><\/p> <ul><\/ul><\/div>\n<form action=\"\/index.php?rest_route=%2Fwp%2Fv2%2Fpages%2F33#wpcf7-f32-o1\" method=\"post\" class=\"wpcf7-form init\" aria-label=\"Kontaktn\u00ed formul\u00e1\u0159\" novalidate=\"novalidate\" data-status=\"init\">\n<fieldset class=\"hidden-fields-container\"><input type=\"hidden\" name=\"_wpcf7\" value=\"32\" \/><input type=\"hidden\" name=\"_wpcf7_version\" value=\"6.1.5\" \/><input type=\"hidden\" name=\"_wpcf7_locale\" value=\"cs_CZ\" \/><input type=\"hidden\" name=\"_wpcf7_unit_tag\" value=\"wpcf7-f32-o1\" \/><input type=\"hidden\" name=\"_wpcf7_container_post\" value=\"0\" \/><input type=\"hidden\" name=\"_wpcf7_posted_data_hash\" value=\"\" \/>\n<\/fieldset>\n<p><span class=\"wpcf7-form-control-wrap\" data-name=\"your-name\"><input size=\"40\" maxlength=\"400\" class=\"wpcf7-form-control wpcf7-text wpcf7-validates-as-required\" aria-required=\"true\" aria-invalid=\"false\" placeholder=\"Va\u0161e jm\u00e9no*\" value=\"\" type=\"text\" name=\"your-name\" \/><\/span>\n<\/p>\n<p><span class=\"wpcf7-form-control-wrap\" data-name=\"your-email\"><input size=\"40\" maxlength=\"400\" class=\"wpcf7-form-control wpcf7-email wpcf7-validates-as-required wpcf7-text wpcf7-validates-as-email\" aria-required=\"true\" aria-invalid=\"false\" placeholder=\"E-mail*\" value=\"\" type=\"email\" name=\"your-email\" \/><\/span>\n<\/p>\n<p><span class=\"wpcf7-form-control-wrap\" data-name=\"your-message\"><textarea cols=\"40\" rows=\"10\" maxlength=\"2000\" class=\"wpcf7-form-control wpcf7-textarea wpcf7-validates-as-required\" aria-required=\"true\" aria-invalid=\"false\" placeholder=\"Text zpr\u00e1vy*\" name=\"your-message\"><\/textarea><\/span>\n<\/p>\n<p>Kontroln\u00ed ot\u00e1zka*: <span class=\"wpcf7-form-control-wrap\" data-name=\"quiz-601\"><label><span class=\"wpcf7-quiz-label\">1+1=?<\/span> <input size=\"40\" class=\"wpcf7-form-control wpcf7-quiz\" autocomplete=\"off\" aria-required=\"true\" aria-invalid=\"false\" type=\"text\" name=\"quiz-601\" \/><\/label><input type=\"hidden\" name=\"_wpcf7_quiz_answer_quiz-601\" value=\"b865f75b4f13fc8711ec5dfbe341cb34\" \/><\/span>\n<\/p>\n<p>* povinn\u00e9 \u00fadaje\n<\/p>\n<p><input class=\"wpcf7-form-control wpcf7-submit has-spinner\" type=\"submit\" value=\"Odeslat\" \/>\n<\/p><div class=\"wpcf7-response-output\" aria-hidden=\"true\"><\/div>\n<\/form>\n<\/div>\n\n<\/div>\n","protected":false},"excerpt":{"rendered":"<p>&nbsp; MAC TOYS s.r.o. Lidick\u00e1 481 27351 Unho\u0161\u0165 Email : marketing@mactoys.cz<\/p>\n","protected":false},"author":2,"featured_media":0,"parent":0,"menu_order":0,"comment_status":"closed","ping_status":"closed","template":"page-full-width.php","meta":{"ngg_post_thumbnail":0,"footnotes":""},"class_list":["post-33","page","type-page","status-publish","hentry"],"_links":{"self":[{"href":"https:\/\/www.magicjinn.cz\/index.php?rest_route=\/wp\/v2\/pages\/33","targetHints":{"allow":["GET"]}}],"collection":[{"href":"https:\/\/www.magicjinn.cz\/index.php?rest_route=\/wp\/v2\/pages"}],"about":[{"href":"https:\/\/www.magicjinn.cz\/index.php?rest_route=\/wp\/v2\/types\/page"}],"author":[{"embeddable":true,"href":"https:\/\/www.magicjinn.cz\/index.php?rest_route=\/wp\/v2\/users\/2"}],"replies":[{"embeddable":true,"href":"https:\/\/www.magicjinn.cz\/index.php?rest_route=%2Fwp%2Fv2%2Fcomments&post=33"}],"version-history":[{"count":27,"href":"https:\/\/www.magicjinn.cz\/index.php?rest_route=\/wp\/v2\/pages\/33\/revisions"}],"predecessor-version":[{"id":273,"href":"https:\/\/www.magicjinn.cz\/index.php?rest_route=\/wp\/v2\/pages\/33\/revisions\/273"}],"wp:attachment":[{"href":"https:\/\/www.magicjinn.cz\/index.php?rest_route=%2Fwp%2Fv2%2Fmedia&parent=33"}],"curies":[{"name":"wp","href":"https:\/\/api.w.org\/{rel}","templated":true}]}}