{"id":107,"date":"2014-11-17T19:26:44","date_gmt":"2014-11-17T18:26:44","guid":{"rendered":"https:\/\/www.magicjinn.cz\/?page_id=107"},"modified":"2024-06-27T11:55:35","modified_gmt":"2024-06-27T09:55:35","slug":"jak-mluvit-s-jinnem","status":"publish","type":"page","link":"https:\/\/www.magicjinn.cz\/?page_id=107","title":{"rendered":"Jak mluvit s Jinnem"},"content":{"rendered":"<div class=\"wp-block-image\">\n<figure class=\"alignright\"><img loading=\"lazy\" decoding=\"async\" width=\"260\" height=\"170\" src=\"http:\/\/www.magicjinn.cz\/wp-content\/uploads\/2014\/11\/stiskni-mi-nos.png\" alt=\"Magic Jinn - stiskni mi nos\" class=\"wp-image-193\"\/><\/figure>\n<\/div>\n\n\n<div class=\"wp-block-group\"><div class=\"wp-block-group__inner-container is-layout-constrained wp-block-group-is-layout-constrained\">\n<div class=\"wp-block-group is-vertical is-layout-flex wp-container-core-group-is-layout-8cf370e7 wp-block-group-is-layout-flex\">\n<div class=\"wp-block-columns is-layout-flex wp-container-core-columns-is-layout-9d6595d7 wp-block-columns-is-layout-flex\">\n<div class=\"wp-block-column is-layout-flow wp-block-column-is-layout-flow\" style=\"flex-basis:100%\">\n<div class=\"wp-block-group is-vertical is-layout-flex wp-container-core-group-is-layout-8cf370e7 wp-block-group-is-layout-flex\">\n<div class=\"wp-block-columns are-vertically-aligned-top is-layout-flex wp-container-core-columns-is-layout-9d6595d7 wp-block-columns-is-layout-flex\">\n<div class=\"wp-block-column is-vertically-aligned-top is-layout-flow wp-block-column-is-layout-flow\" style=\"flex-basis:100%\">\n<h3 class=\"wp-block-heading has-text-align-left\"><span style=\"color: #ffff00;\">J<\/span><span style=\"color: #ffffff;\">inn se t\u011b bude pt\u00e1t a ty mu na ot\u00e1zky odpov\u00eddej n\u00e1sledovn\u011b:<\/span><\/h3>\n\n\n\n<ul class=\"wp-block-list\">\n<li><strong>\u201eANO\u201c<\/strong>, <strong>\u201eNE\u201c<\/strong>, <strong>\u201eNEV\u00cdM\u201c<\/strong>, <strong>\u201eM\u016e\u017dE\u201c<\/strong><\/li>\n\n\n\n<li>Pokud ot\u00e1zce nebylo rozum\u011bt a chce\u0161 ji zopakovat \u0159ekni:\u00a0<strong>\u201eZOPAKUJ OT\u00c1ZKU\u201c<\/strong><\/li>\n\n\n\n<li>Pokud se chce\u0161 vr\u00e1tit o jednu ot\u00e1zku zp\u011bt \u0159ekni:\u00a0<strong>\u201eVRA\u0164 SE\u201c<\/strong><\/li>\n<\/ul>\n\n\n\n<div class=\"wp-block-group is-nowrap is-layout-flex wp-container-core-group-is-layout-ad2f72ca wp-block-group-is-layout-flex\">\n<figure class=\"wp-block-image is-resized is-style-default\"><img decoding=\"async\" src=\"http:\/\/www.magicjinn.cz\/wp-content\/uploads\/2016\/10\/Magic-Jinn-modry2.png\" alt=\"Magic Jinn v modr\u00e9 barv\u011b\" class=\"wp-image-153\" style=\"width:154px;height:auto\"\/><\/figure>\n\n\n\n<div class=\"wp-block-group\"><div class=\"wp-block-group__inner-container is-layout-constrained wp-block-group-is-layout-constrained\">\n<h3 class=\"wp-block-heading\"><span style=\"color: #ffff00;\">D<\/span><span style=\"color: #ffffff;\">obr\u00e9 rady:<\/span><\/h3>\n\n\n\n<ul class=\"wp-block-list\">\n<li>Na Jinna je nutn\u00e9 mluvit z\u0159eteln\u011b.<\/li>\n\n\n\n<li>Jinn by m\u011bl b\u00fdt ve vzd\u00e1lenosti cca 20cm od \u010dlov\u011bka, kter\u00fd s\u00a0n\u00edm mluv\u00ed.<\/li>\n\n\n\n<li>Mluv Jinnovi sm\u011brem na jeho obli\u010dej, nejl\u00e9pe na \u010dum\u00e1\u010dek.<\/li>\n\n\n\n<li>Pokud ti Jinn nerozum\u00ed, nic se ned\u011bje, vyzve t\u011b k\u00a0zopakov\u00e1n\u00ed odpov\u011bdi.<\/li>\n<\/ul>\n<\/div><\/div>\n<\/div>\n<\/div>\n<\/div>\n<\/div>\n<\/div>\n<\/div>\n<\/div>\n<\/div><\/div>\n\n\n\n<div class=\"wp-block-columns is-layout-flex wp-container-core-columns-is-layout-9d6595d7 wp-block-columns-is-layout-flex\">\n<div class=\"wp-block-column is-layout-flow wp-block-column-is-layout-flow\"><div class=\"wp-block-image\">\n<figure class=\"aligncenter\"><img decoding=\"async\" src=\"http:\/\/www.magicjinn.cz\/wp-content\/uploads\/2016\/10\/jak-odpovidat-jinnovi-na-otazky2.png\" alt=\"Jak odpov\u00eddat Jinnovi na ot\u00e1zky\" class=\"wp-image-180\"\/><\/figure>\n<\/div><\/div>\n<\/div>\n","protected":false},"excerpt":{"rendered":"<p>Jinn se t\u011b bude pt\u00e1t a ty mu na ot\u00e1zky odpov\u00eddej n\u00e1sledovn\u011b: Dobr\u00e9 rady:<\/p>\n","protected":false},"author":2,"featured_media":0,"parent":0,"menu_order":0,"comment_status":"closed","ping_status":"closed","template":"page-full-width.php","meta":{"ngg_post_thumbnail":0,"footnotes":""},"class_list":["post-107","page","type-page","status-publish","hentry"],"_links":{"self":[{"href":"https:\/\/www.magicjinn.cz\/index.php?rest_route=\/wp\/v2\/pages\/107","targetHints":{"allow":["GET"]}}],"collection":[{"href":"https:\/\/www.magicjinn.cz\/index.php?rest_route=\/wp\/v2\/pages"}],"about":[{"href":"https:\/\/www.magicjinn.cz\/index.php?rest_route=\/wp\/v2\/types\/page"}],"author":[{"embeddable":true,"href":"https:\/\/www.magicjinn.cz\/index.php?rest_route=\/wp\/v2\/users\/2"}],"replies":[{"embeddable":true,"href":"https:\/\/www.magicjinn.cz\/index.php?rest_route=%2Fwp%2Fv2%2Fcomments&post=107"}],"version-history":[{"count":40,"href":"https:\/\/www.magicjinn.cz\/index.php?rest_route=\/wp\/v2\/pages\/107\/revisions"}],"predecessor-version":[{"id":287,"href":"https:\/\/www.magicjinn.cz\/index.php?rest_route=\/wp\/v2\/pages\/107\/revisions\/287"}],"wp:attachment":[{"href":"https:\/\/www.magicjinn.cz\/index.php?rest_route=%2Fwp%2Fv2%2Fmedia&parent=107"}],"curies":[{"name":"wp","href":"https:\/\/api.w.org\/{rel}","templated":true}]}}